{"id":2647,"date":"2022-03-24T10:16:19","date_gmt":"2022-03-24T09:16:19","guid":{"rendered":"https:\/\/fondationclaudepompidou.org\/site\/?page_id=2647"},"modified":"2025-12-16T19:10:24","modified_gmt":"2025-12-16T18:10:24","slug":"lengagement-benevole","status":"publish","type":"page","link":"https:\/\/fondationclaudepompidou.org\/site\/lengagement-benevole\/","title":{"rendered":"L\u2019engagement b\u00e9n\u00e9vole"},"content":{"rendered":"<p>[et_pb_section fb_built=\u00a0\u00bb1&Prime; fullwidth=\u00a0\u00bbon\u00a0\u00bb admin_label=\u00a0\u00bbheader\u00a0\u00bb _builder_version=\u00a0\u00bb4.14.8&Prime; _module_preset=\u00a0\u00bbdefault\u00a0\u00bb animation_style=\u00a0\u00bbfade\u00a0\u00bb collapsed=\u00a0\u00bbon\u00a0\u00bb global_colors_info=\u00a0\u00bb{}\u00a0\u00bb][et_pb_fullwidth_image src=\u00a0\u00bbhttps:\/\/fondationclaudepompidou.org\/site\/wp-content\/uploads\/2022\/03\/header-engagement.jpg\u00a0\u00bb _builder_version=\u00a0\u00bb4.14.8&Prime; _module_preset=\u00a0\u00bbdefault\u00a0\u00bb global_colors_info=\u00a0\u00bb{}\u00a0\u00bb][\/et_pb_fullwidth_image][\/et_pb_section][et_pb_section fb_built=\u00a0\u00bb1&Prime; admin_label=\u00a0\u00bbintro\u00a0\u00bb _builder_version=\u00a0\u00bb4.14.8&Prime; _module_preset=\u00a0\u00bbdefault\u00a0\u00bb background_color=\u00a0\u00bb#FFFFFF\u00a0\u00bb custom_margin=\u00a0\u00bb||||false|false\u00a0\u00bb custom_padding=\u00a0\u00bb||||false|false\u00a0\u00bb animation_style=\u00a0\u00bbfade\u00a0\u00bb animation_direction=\u00a0\u00bbbottom\u00a0\u00bb collapsed=\u00a0\u00bbon\u00a0\u00bb global_colors_info=\u00a0\u00bb{}\u00a0\u00bb][et_pb_row _builder_version=\u00a0\u00bb4.14.8&Prime; _module_preset=\u00a0\u00bbdefault\u00a0\u00bb max_width=\u00a0\u00bb800px\u00a0\u00bb collapsed=\u00a0\u00bboff\u00a0\u00bb global_colors_info=\u00a0\u00bb{}\u00a0\u00bb][et_pb_column type=\u00a0\u00bb4_4&Prime; _builder_version=\u00a0\u00bb4.14.8&Prime; _module_preset=\u00a0\u00bbdefault\u00a0\u00bb global_colors_info=\u00a0\u00bb{}\u00a0\u00bb][et_pb_text admin_label=\u00a0\u00bbtitre\u00a0\u00bb _builder_version=\u00a0\u00bb4.14.8&Prime; _module_preset=\u00a0\u00bbdefault\u00a0\u00bb header_2_font=\u00a0\u00bbQuicksand|700|||||||\u00a0\u00bb header_2_text_align=\u00a0\u00bbcenter\u00a0\u00bb header_2_text_color=\u00a0\u00bb#4d4d4d\u00a0\u00bb header_2_font_size=\u00a0\u00bb30px\u00a0\u00bb text_orientation=\u00a0\u00bbcenter\u00a0\u00bb global_colors_info=\u00a0\u00bb{}\u00a0\u00bb]<\/p>\n<h2 style=\"text-align: center;\"><span style=\"color: #005da9;\"><strong>L\u2019engagement b\u00e9n\u00e9vole<\/strong><\/span><\/h2>\n<p><img loading=\"lazy\" decoding=\"async\" class=\"wp-image-1853 aligncenter\" src=\"https:\/\/fondationclaudepompidou.org\/site\/wp-content\/uploads\/2022\/03\/pict-signature-300x14.png\" alt=\"\" width=\"250\" height=\"11\" srcset=\"https:\/\/fondationclaudepompidou.org\/site\/wp-content\/uploads\/2022\/03\/pict-signature-300x14.png 300w, https:\/\/fondationclaudepompidou.org\/site\/wp-content\/uploads\/2022\/03\/pict-signature.png 306w\" sizes=\"auto, (max-width: 250px) 100vw, 250px\" \/>[\/et_pb_text][\/et_pb_column][\/et_pb_row][\/et_pb_section][et_pb_section fb_built=\u00a0\u00bb1&Prime; admin_label=\u00a0\u00bbbloc 1&Prime; _builder_version=\u00a0\u00bb4.14.8&Prime; _module_preset=\u00a0\u00bbdefault\u00a0\u00bb background_color=\u00a0\u00bb#FFFFFF\u00a0\u00bb custom_margin=\u00a0\u00bb0px||0px||true|false\u00a0\u00bb custom_padding=\u00a0\u00bb0px||0px||true|false\u00a0\u00bb animation_direction=\u00a0\u00bbbottom\u00a0\u00bb collapsed=\u00a0\u00bboff\u00a0\u00bb global_colors_info=\u00a0\u00bb{}\u00a0\u00bb][et_pb_row column_structure=\u00a0\u00bb1_2,1_2&Prime; make_equal=\u00a0\u00bbon\u00a0\u00bb _builder_version=\u00a0\u00bb4.14.8&Prime; _module_preset=\u00a0\u00bbdefault\u00a0\u00bb custom_margin=\u00a0\u00bb0px||0px||true|false\u00a0\u00bb custom_padding=\u00a0\u00bb0px||0px||true|false\u00a0\u00bb global_colors_info=\u00a0\u00bb{}\u00a0\u00bb][et_pb_column type=\u00a0\u00bb1_2&Prime; _builder_version=\u00a0\u00bb4.14.8&Prime; _module_preset=\u00a0\u00bbdefault\u00a0\u00bb background_enable_image=\u00a0\u00bboff\u00a0\u00bb global_colors_info=\u00a0\u00bb{}\u00a0\u00bb][et_pb_image src=\u00a0\u00bbhttps:\/\/fondationclaudepompidou.org\/site\/wp-content\/uploads\/2022\/03\/ima-engagement.jpg\u00a0\u00bb align=\u00a0\u00bbright\u00a0\u00bb _builder_version=\u00a0\u00bb4.14.8&Prime; _module_preset=\u00a0\u00bbdefault\u00a0\u00bb custom_margin=\u00a0\u00bb0px||0px||true|false\u00a0\u00bb custom_padding=\u00a0\u00bb0px||0px||true|false\u00a0\u00bb global_colors_info=\u00a0\u00bb{}\u00a0\u00bb][\/et_pb_image][\/et_pb_column][et_pb_column type=\u00a0\u00bb1_2&Prime; _builder_version=\u00a0\u00bb4.14.8&Prime; _module_preset=\u00a0\u00bbdefault\u00a0\u00bb custom_padding=\u00a0\u00bb||||false|false\u00a0\u00bb custom_css_main_element=\u00a0\u00bbmargin:auto;\u00a0\u00bb global_colors_info=\u00a0\u00bb{}\u00a0\u00bb][et_pb_text content_tablet=\u00a0\u00bb<\/p>\n<p style=%22text-align: center;%22>58 rue Jean de Beaumanoir<br \/>56580 BREHAN<br \/>T\u00e9l : 02.97.38.80.06<\/p>\n<p>\u00a0\u00bb content_phone=\u00a0\u00bb<\/p>\n<p style=%22text-align: center;%22>58 rue Jean de Beaumanoir<br \/>56580 BREHAN<br \/>T\u00e9l : 02.97.38.80.06<\/p>\n<p>\u00a0\u00bb content_last_edited=\u00a0\u00bboff|desktop\u00a0\u00bb admin_label=\u00a0\u00bbtexte\u00a0\u00bb _builder_version=\u00a0\u00bb4.14.8&Prime; _module_preset=\u00a0\u00bbdefault\u00a0\u00bb text_font=\u00a0\u00bb||||||||\u00a0\u00bb text_font_size=\u00a0\u00bb15px\u00a0\u00bb custom_margin=\u00a0\u00bb||||false|false\u00a0\u00bb custom_padding=\u00a0\u00bb||||false|false\u00a0\u00bb custom_padding_tablet=\u00a0\u00bb||0px||false|false\u00a0\u00bb custom_padding_phone=\u00a0\u00bb||0px||false|false\u00a0\u00bb custom_padding_last_edited=\u00a0\u00bboff|phone\u00a0\u00bb hover_enabled=\u00a0\u00bb0&Prime; global_colors_info=\u00a0\u00bb{}\u00a0\u00bb sticky_enabled=\u00a0\u00bb0&Prime;]<\/p>\n<p><span style=\"color: #005da9;\"><strong>La Fondation Claude Pompidou anime un r\u00e9seau de b\u00e9n\u00e9voles \u00e0 travers la France pour des missions support (organisationnelles, ponctuelles ou r\u00e9guli\u00e8res) et des missions de terrain (en \u00e9tablissements, au domicile ou lors de sorties).<\/strong><\/span><\/p>\n<p>Ce b\u00e9n\u00e9volat d\u2019accompagnement a pour but le maintien du lien social aupr\u00e8s de personnes fragilis\u00e9es par le handicap, la maladie ou le grand-\u00e2ge en collaboration avec les professionnels et en compl\u00e9mentarit\u00e9 avec leur action.<\/p>\n<p>La Fondation s\u2019engage \u00e0 mettre l\u2019accent sur le recrutement des b\u00e9n\u00e9voles, <a href=\"https:\/\/fondationclaudepompidou.org\/site\/lengagement-benevole\/formation-paris-2026\/\">leur <\/a> <a href=\"https:\/\/fondationclaudepompidou.org\/site\/lengagement-benevole\/planning-de-formation-regions\/\">formation<\/a>, leur soutien, l\u2019organisation et le suivi de leur action en vue de garantir aux personnes aid\u00e9es et \u00e0 leurs proches ainsi qu\u2019\u00e0 ses partenaires un accompagnement adapt\u00e9 et de qualit\u00e9.<\/p>\n<p>[\/et_pb_text][\/et_pb_column][\/et_pb_row][\/et_pb_section][et_pb_section fb_built=\u00a0\u00bb1&Prime; admin_label=\u00a0\u00bbbloc 2&Prime; _builder_version=\u00a0\u00bb4.14.8&Prime; _module_preset=\u00a0\u00bbdefault\u00a0\u00bb background_color=\u00a0\u00bb#FFFFFF\u00a0\u00bb custom_margin=\u00a0\u00bb||||false|false\u00a0\u00bb custom_padding=\u00a0\u00bb||||false|false\u00a0\u00bb animation_direction=\u00a0\u00bbbottom\u00a0\u00bb collapsed=\u00a0\u00bboff\u00a0\u00bb global_colors_info=\u00a0\u00bb{}\u00a0\u00bb][et_pb_row _builder_version=\u00a0\u00bb4.14.8&Prime; _module_preset=\u00a0\u00bbdefault\u00a0\u00bb max_width=\u00a0\u00bb800px\u00a0\u00bb custom_padding=\u00a0\u00bb30px|40px|30px|40px|true|true\u00a0\u00bb border_radii=\u00a0\u00bbon|1px|1px|1px|1px\u00a0\u00bb border_width_all=\u00a0\u00bb1px\u00a0\u00bb border_color_all=\u00a0\u00bb#fdcf00&Prime; global_colors_info=\u00a0\u00bb{}\u00a0\u00bb][et_pb_column type=\u00a0\u00bb4_4&Prime; _builder_version=\u00a0\u00bb4.14.8&Prime; _module_preset=\u00a0\u00bbdefault\u00a0\u00bb global_colors_info=\u00a0\u00bb{}\u00a0\u00bb][et_pb_text content_tablet=\u00a0\u00bb<\/p>\n<p style=%22text-align: center;%22>58 rue Jean de Beaumanoir<br \/>56580 BREHAN<br \/>T\u00e9l : 02.97.38.80.06<\/p>\n<p>\u00a0\u00bb content_phone=\u00a0\u00bb<\/p>\n<p style=%22text-align: center;%22>58 rue Jean de Beaumanoir<br \/>56580 BREHAN<br \/>T\u00e9l : 02.97.38.80.06<\/p>\n<p>\u00a0\u00bb content_last_edited=\u00a0\u00bboff|desktop\u00a0\u00bb admin_label=\u00a0\u00bbtexte\u00a0\u00bb _builder_version=\u00a0\u00bb4.14.8&Prime; _module_preset=\u00a0\u00bbdefault\u00a0\u00bb text_font=\u00a0\u00bb||||||||\u00a0\u00bb text_font_size=\u00a0\u00bb15px\u00a0\u00bb custom_margin=\u00a0\u00bb||||false|false\u00a0\u00bb custom_padding=\u00a0\u00bb||||false|false\u00a0\u00bb hover_enabled=\u00a0\u00bb0&Prime; global_colors_info=\u00a0\u00bb{}\u00a0\u00bb sticky_enabled=\u00a0\u00bb0&Prime;]<\/p>\n<p style=\"text-align: left;\"><strong><span style=\"color: #005da9;\">LE B\u00c9N\u00c9VOLE S\u2019ENGAGE<\/span><\/strong><\/p>\n<p>\u2022 &Agrave; intervenir <strong>r\u00e9guli\u00e8rement<\/strong> au rythme choisi lors de l\u2019engagement<br \/>\n\u2022 Dans un esprit <strong>la\u00efque, aconfessionnel et apolitique<\/strong><br \/>\n\u2022 Dans un souci de <strong>dur\u00e9e<\/strong> et de <strong>continuit\u00e9<\/strong><\/p>\n<p>Chaque b\u00e9n\u00e9vole <strong>choisit<\/strong> sa mission puis s\u2019engage \u00e0 l\u2019issue d\u2019un <strong>parcours d\u2019int\u00e9gration<\/strong> en plusieurs \u00e9tapes comprenant entretiens et <strong>mises en situation accompagn\u00e9es<\/strong> par un r\u00e9f\u00e9rent.<\/p>\n<p>La Fondation propose certaines missions \u00e0 des <strong>b\u00e9n\u00e9voles mineurs<\/strong> (autorisation parentale exig\u00e9e).[\/et_pb_text][\/et_pb_column][\/et_pb_row][\/et_pb_section][et_pb_section fb_built=\u00a0\u00bb1&Prime; _builder_version=\u00a0\u00bb4.14.8&Prime; _module_preset=\u00a0\u00bbdefault\u00a0\u00bb custom_margin=\u00a0\u00bb0px||||false|false\u00a0\u00bb custom_padding=\u00a0\u00bb0px||||false|false\u00a0\u00bb global_colors_info=\u00a0\u00bb{}\u00a0\u00bb][et_pb_row column_structure=\u00a0\u00bb1_3,2_3&Prime; _builder_version=\u00a0\u00bb4.14.8&Prime; _module_preset=\u00a0\u00bbdefault\u00a0\u00bb max_width=\u00a0\u00bb800px\u00a0\u00bb global_colors_info=\u00a0\u00bb{}\u00a0\u00bb][et_pb_column type=\u00a0\u00bb1_3&Prime; _builder_version=\u00a0\u00bb4.14.8&Prime; _module_preset=\u00a0\u00bbdefault\u00a0\u00bb global_colors_info=\u00a0\u00bb{}\u00a0\u00bb][et_pb_image src=\u00a0\u00bbhttps:\/\/fondationclaudepompidou.org\/site\/wp-content\/uploads\/2022\/03\/b-charte-des-benevoles.png\u00a0\u00bb url=\u00a0\u00bbhttps:\/\/fondationclaudepompidou.org\/site\/lengagement-benevole\/charte-du-benevolat-fondation-claude-pompidou-3\/\u00a0\u00bb url_new_window=\u00a0\u00bbon\u00a0\u00bb _builder_version=\u00a0\u00bb4.14.8&Prime; _module_preset=\u00a0\u00bbdefault\u00a0\u00bb border_color_all=\u00a0\u00bb#ffffff\u00a0\u00bb box_shadow_style=\u00a0\u00bbpreset2&Prime; global_colors_info=\u00a0\u00bb{}\u00a0\u00bb filter_brightness__hover_enabled=\u00a0\u00bboff|desktop\u00a0\u00bb filter_brightness__hover=\u00a0\u00bb140%\u00a0\u00bb src__hover_enabled=\u00a0\u00bboff|desktop\u00a0\u00bb src__hover=\u00a0\u00bbhttps:\/\/fondationclaudepompidou.org\/site\/wp-content\/uploads\/2022\/03\/b-benevole-on.jpg\u00a0\u00bb border_width_all__hover_enabled=\u00a0\u00bbon|hover\u00a0\u00bb border_width_all__hover=\u00a0\u00bb1px\u00a0\u00bb box_shadow_color__hover_enabled=\u00a0\u00bbon|hover\u00a0\u00bb box_shadow_color__hover=\u00a0\u00bbrgba(255,255,255,0.3)\u00a0\u00bb][\/et_pb_image][\/et_pb_column][et_pb_column type=\u00a0\u00bb2_3&Prime; _builder_version=\u00a0\u00bb4.14.8&Prime; _module_preset=\u00a0\u00bbdefault\u00a0\u00bb global_colors_info=\u00a0\u00bb{}\u00a0\u00bb][et_pb_image src=\u00a0\u00bbhttps:\/\/fondationclaudepompidou.org\/site\/wp-content\/uploads\/2022\/03\/b-reglement-interieur.jpg\u00a0\u00bb url=\u00a0\u00bbhttps:\/\/fondationclaudepompidou.org\/pdf\/Reglement-interieur.pdf\u00a0\u00bb url_new_window=\u00a0\u00bbon\u00a0\u00bb _builder_version=\u00a0\u00bb4.14.8&Prime; _module_preset=\u00a0\u00bbdefault\u00a0\u00bb border_color_all=\u00a0\u00bb#ffffff\u00a0\u00bb box_shadow_style=\u00a0\u00bbpreset2&Prime; global_colors_info=\u00a0\u00bb{}\u00a0\u00bb filter_brightness__hover_enabled=\u00a0\u00bboff|desktop\u00a0\u00bb filter_brightness__hover=\u00a0\u00bb140%\u00a0\u00bb src__hover_enabled=\u00a0\u00bboff|desktop\u00a0\u00bb src__hover=\u00a0\u00bbhttps:\/\/fondationclaudepompidou.org\/site\/wp-content\/uploads\/2022\/03\/b-benevole-on.jpg\u00a0\u00bb border_width_all__hover_enabled=\u00a0\u00bbon|hover\u00a0\u00bb border_width_all__hover=\u00a0\u00bb1px\u00a0\u00bb box_shadow_color__hover_enabled=\u00a0\u00bbon|hover\u00a0\u00bb box_shadow_color__hover=\u00a0\u00bbrgba(255,255,255,0.3)\u00a0\u00bb][\/et_pb_image][\/et_pb_column][\/et_pb_row][\/et_pb_section]<\/p>\n","protected":false},"excerpt":{"rendered":"<p>L\u2019engagement b\u00e9n\u00e9vole La Fondation Claude Pompidou anime un r\u00e9seau de b\u00e9n\u00e9voles \u00e0 travers la France pour des missions support (organisationnelles, ponctuelles ou r\u00e9guli\u00e8res) et des missions de terrain (en \u00e9tablissements, au domicile ou lors de sorties). Ce b\u00e9n\u00e9volat d\u2019accompagnement a pour but le maintien du lien social aupr\u00e8s de personnes fragilis\u00e9es par le handicap, la [&hellip;]<\/p>\n","protected":false},"author":1,"featured_media":0,"parent":0,"menu_order":0,"comment_status":"closed","ping_status":"closed","template":"","meta":{"_et_pb_use_builder":"on","_et_pb_old_content":"","_et_gb_content_width":"","footnotes":""},"class_list":["post-2647","page","type-page","status-publish","hentry"],"yoast_head":"<!-- This site is optimized with the Yoast SEO plugin v27.3 - https:\/\/yoast.com\/product\/yoast-seo-wordpress\/ -->\n<title>L\u2019engagement b\u00e9n\u00e9vole - Fondation Claude Pompidou<\/title>\n<meta name=\"description\" content=\"La Fondation Claude Pompidou anime un r\u00e9seau de b\u00e9n\u00e9voles \u00e0 travers la France pour des missions support et des missions de terrain.\" \/>\n<meta name=\"robots\" content=\"index, follow, max-snippet:-1, max-image-preview:large, max-video-preview:-1\" \/>\n<link rel=\"canonical\" href=\"https:\/\/fondationclaudepompidou.org\/site\/lengagement-benevole\/\" \/>\n<meta property=\"og:locale\" content=\"fr_FR\" \/>\n<meta property=\"og:type\" content=\"article\" \/>\n<meta property=\"og:title\" content=\"L\u2019engagement b\u00e9n\u00e9vole - Fondation Claude Pompidou\" \/>\n<meta property=\"og:description\" content=\"La Fondation Claude Pompidou anime un r\u00e9seau de b\u00e9n\u00e9voles \u00e0 travers la France pour des missions support et des missions de terrain.\" \/>\n<meta property=\"og:url\" content=\"https:\/\/fondationclaudepompidou.org\/site\/lengagement-benevole\/\" \/>\n<meta property=\"og:site_name\" content=\"Fondation Claude Pompidou\" \/>\n<meta property=\"article:publisher\" content=\"https:\/\/www.facebook.com\/FondationClaudePompidou\" \/>\n<meta property=\"article:modified_time\" content=\"2025-12-16T18:10:24+00:00\" \/>\n<meta property=\"og:image\" content=\"https:\/\/fondationclaudepompidou.org\/site\/wp-content\/uploads\/2022\/03\/pict-signature-300x14.png\" \/>\n<meta name=\"twitter:card\" content=\"summary_large_image\" \/>\n<meta name=\"twitter:site\" content=\"@fclaudepompidou\" \/>\n<meta name=\"twitter:label1\" content=\"Dur\u00e9e de lecture estim\u00e9e\" \/>\n\t<meta name=\"twitter:data1\" content=\"2 minutes\" \/>\n<script type=\"application\/ld+json\" class=\"yoast-schema-graph\">{\"@context\":\"https:\\\/\\\/schema.org\",\"@graph\":[{\"@type\":\"WebPage\",\"@id\":\"https:\\\/\\\/fondationclaudepompidou.org\\\/site\\\/lengagement-benevole\\\/\",\"url\":\"https:\\\/\\\/fondationclaudepompidou.org\\\/site\\\/lengagement-benevole\\\/\",\"name\":\"L\u2019engagement b\u00e9n\u00e9vole - Fondation Claude Pompidou\",\"isPartOf\":{\"@id\":\"https:\\\/\\\/fondationclaudepompidou.org\\\/site\\\/#website\"},\"primaryImageOfPage\":{\"@id\":\"https:\\\/\\\/fondationclaudepompidou.org\\\/site\\\/lengagement-benevole\\\/#primaryimage\"},\"image\":{\"@id\":\"https:\\\/\\\/fondationclaudepompidou.org\\\/site\\\/lengagement-benevole\\\/#primaryimage\"},\"thumbnailUrl\":\"https:\\\/\\\/fondationclaudepompidou.org\\\/site\\\/wp-content\\\/uploads\\\/2022\\\/03\\\/pict-signature-300x14.png\",\"datePublished\":\"2022-03-24T09:16:19+00:00\",\"dateModified\":\"2025-12-16T18:10:24+00:00\",\"description\":\"La Fondation Claude Pompidou anime un r\u00e9seau de b\u00e9n\u00e9voles \u00e0 travers la France pour des missions support et des missions de terrain.\",\"breadcrumb\":{\"@id\":\"https:\\\/\\\/fondationclaudepompidou.org\\\/site\\\/lengagement-benevole\\\/#breadcrumb\"},\"inLanguage\":\"fr-FR\",\"potentialAction\":[{\"@type\":\"ReadAction\",\"target\":[\"https:\\\/\\\/fondationclaudepompidou.org\\\/site\\\/lengagement-benevole\\\/\"]}]},{\"@type\":\"ImageObject\",\"inLanguage\":\"fr-FR\",\"@id\":\"https:\\\/\\\/fondationclaudepompidou.org\\\/site\\\/lengagement-benevole\\\/#primaryimage\",\"url\":\"https:\\\/\\\/fondationclaudepompidou.org\\\/site\\\/wp-content\\\/uploads\\\/2022\\\/03\\\/pict-signature.png\",\"contentUrl\":\"https:\\\/\\\/fondationclaudepompidou.org\\\/site\\\/wp-content\\\/uploads\\\/2022\\\/03\\\/pict-signature.png\",\"width\":306,\"height\":14},{\"@type\":\"BreadcrumbList\",\"@id\":\"https:\\\/\\\/fondationclaudepompidou.org\\\/site\\\/lengagement-benevole\\\/#breadcrumb\",\"itemListElement\":[{\"@type\":\"ListItem\",\"position\":1,\"name\":\"Accueil\",\"item\":\"https:\\\/\\\/fondationclaudepompidou.org\\\/site\\\/\"},{\"@type\":\"ListItem\",\"position\":2,\"name\":\"L\u2019engagement b\u00e9n\u00e9vole\"}]},{\"@type\":\"WebSite\",\"@id\":\"https:\\\/\\\/fondationclaudepompidou.org\\\/site\\\/#website\",\"url\":\"https:\\\/\\\/fondationclaudepompidou.org\\\/site\\\/\",\"name\":\"Fondation Claude Pompidou\",\"description\":\"\",\"publisher\":{\"@id\":\"https:\\\/\\\/fondationclaudepompidou.org\\\/site\\\/#organization\"},\"potentialAction\":[{\"@type\":\"SearchAction\",\"target\":{\"@type\":\"EntryPoint\",\"urlTemplate\":\"https:\\\/\\\/fondationclaudepompidou.org\\\/site\\\/?s={search_term_string}\"},\"query-input\":{\"@type\":\"PropertyValueSpecification\",\"valueRequired\":true,\"valueName\":\"search_term_string\"}}],\"inLanguage\":\"fr-FR\"},{\"@type\":\"Organization\",\"@id\":\"https:\\\/\\\/fondationclaudepompidou.org\\\/site\\\/#organization\",\"name\":\"Fondation Claude Pompidou\",\"url\":\"https:\\\/\\\/fondationclaudepompidou.org\\\/site\\\/\",\"logo\":{\"@type\":\"ImageObject\",\"inLanguage\":\"fr-FR\",\"@id\":\"https:\\\/\\\/fondationclaudepompidou.org\\\/site\\\/#\\\/schema\\\/logo\\\/image\\\/\",\"url\":\"https:\\\/\\\/fondationclaudepompidou.org\\\/site\\\/wp-content\\\/uploads\\\/2022\\\/06\\\/logo-fondation250.png\",\"contentUrl\":\"https:\\\/\\\/fondationclaudepompidou.org\\\/site\\\/wp-content\\\/uploads\\\/2022\\\/06\\\/logo-fondation250.png\",\"width\":250,\"height\":65,\"caption\":\"Fondation Claude Pompidou\"},\"image\":{\"@id\":\"https:\\\/\\\/fondationclaudepompidou.org\\\/site\\\/#\\\/schema\\\/logo\\\/image\\\/\"},\"sameAs\":[\"https:\\\/\\\/www.facebook.com\\\/FondationClaudePompidou\",\"https:\\\/\\\/x.com\\\/fclaudepompidou\",\"https:\\\/\\\/www.instagram.com\\\/fondationclaudepompidou\\\/?hl=fr\",\"https:\\\/\\\/www.linkedin.com\\\/company\\\/fondation-claude-pompidou\\\/\"]}]}<\/script>\n<!-- \/ Yoast SEO plugin. -->","yoast_head_json":{"title":"L\u2019engagement b\u00e9n\u00e9vole - Fondation Claude Pompidou","description":"La Fondation Claude Pompidou anime un r\u00e9seau de b\u00e9n\u00e9voles \u00e0 travers la France pour des missions support et des missions de terrain.","robots":{"index":"index","follow":"follow","max-snippet":"max-snippet:-1","max-image-preview":"max-image-preview:large","max-video-preview":"max-video-preview:-1"},"canonical":"https:\/\/fondationclaudepompidou.org\/site\/lengagement-benevole\/","og_locale":"fr_FR","og_type":"article","og_title":"L\u2019engagement b\u00e9n\u00e9vole - Fondation Claude Pompidou","og_description":"La Fondation Claude Pompidou anime un r\u00e9seau de b\u00e9n\u00e9voles \u00e0 travers la France pour des missions support et des missions de terrain.","og_url":"https:\/\/fondationclaudepompidou.org\/site\/lengagement-benevole\/","og_site_name":"Fondation Claude Pompidou","article_publisher":"https:\/\/www.facebook.com\/FondationClaudePompidou","article_modified_time":"2025-12-16T18:10:24+00:00","og_image":[{"url":"https:\/\/fondationclaudepompidou.org\/site\/wp-content\/uploads\/2022\/03\/pict-signature-300x14.png","type":"","width":"","height":""}],"twitter_card":"summary_large_image","twitter_site":"@fclaudepompidou","twitter_misc":{"Dur\u00e9e de lecture estim\u00e9e":"2 minutes"},"schema":{"@context":"https:\/\/schema.org","@graph":[{"@type":"WebPage","@id":"https:\/\/fondationclaudepompidou.org\/site\/lengagement-benevole\/","url":"https:\/\/fondationclaudepompidou.org\/site\/lengagement-benevole\/","name":"L\u2019engagement b\u00e9n\u00e9vole - Fondation Claude Pompidou","isPartOf":{"@id":"https:\/\/fondationclaudepompidou.org\/site\/#website"},"primaryImageOfPage":{"@id":"https:\/\/fondationclaudepompidou.org\/site\/lengagement-benevole\/#primaryimage"},"image":{"@id":"https:\/\/fondationclaudepompidou.org\/site\/lengagement-benevole\/#primaryimage"},"thumbnailUrl":"https:\/\/fondationclaudepompidou.org\/site\/wp-content\/uploads\/2022\/03\/pict-signature-300x14.png","datePublished":"2022-03-24T09:16:19+00:00","dateModified":"2025-12-16T18:10:24+00:00","description":"La Fondation Claude Pompidou anime un r\u00e9seau de b\u00e9n\u00e9voles \u00e0 travers la France pour des missions support et des missions de terrain.","breadcrumb":{"@id":"https:\/\/fondationclaudepompidou.org\/site\/lengagement-benevole\/#breadcrumb"},"inLanguage":"fr-FR","potentialAction":[{"@type":"ReadAction","target":["https:\/\/fondationclaudepompidou.org\/site\/lengagement-benevole\/"]}]},{"@type":"ImageObject","inLanguage":"fr-FR","@id":"https:\/\/fondationclaudepompidou.org\/site\/lengagement-benevole\/#primaryimage","url":"https:\/\/fondationclaudepompidou.org\/site\/wp-content\/uploads\/2022\/03\/pict-signature.png","contentUrl":"https:\/\/fondationclaudepompidou.org\/site\/wp-content\/uploads\/2022\/03\/pict-signature.png","width":306,"height":14},{"@type":"BreadcrumbList","@id":"https:\/\/fondationclaudepompidou.org\/site\/lengagement-benevole\/#breadcrumb","itemListElement":[{"@type":"ListItem","position":1,"name":"Accueil","item":"https:\/\/fondationclaudepompidou.org\/site\/"},{"@type":"ListItem","position":2,"name":"L\u2019engagement b\u00e9n\u00e9vole"}]},{"@type":"WebSite","@id":"https:\/\/fondationclaudepompidou.org\/site\/#website","url":"https:\/\/fondationclaudepompidou.org\/site\/","name":"Fondation Claude Pompidou","description":"","publisher":{"@id":"https:\/\/fondationclaudepompidou.org\/site\/#organization"},"potentialAction":[{"@type":"SearchAction","target":{"@type":"EntryPoint","urlTemplate":"https:\/\/fondationclaudepompidou.org\/site\/?s={search_term_string}"},"query-input":{"@type":"PropertyValueSpecification","valueRequired":true,"valueName":"search_term_string"}}],"inLanguage":"fr-FR"},{"@type":"Organization","@id":"https:\/\/fondationclaudepompidou.org\/site\/#organization","name":"Fondation Claude Pompidou","url":"https:\/\/fondationclaudepompidou.org\/site\/","logo":{"@type":"ImageObject","inLanguage":"fr-FR","@id":"https:\/\/fondationclaudepompidou.org\/site\/#\/schema\/logo\/image\/","url":"https:\/\/fondationclaudepompidou.org\/site\/wp-content\/uploads\/2022\/06\/logo-fondation250.png","contentUrl":"https:\/\/fondationclaudepompidou.org\/site\/wp-content\/uploads\/2022\/06\/logo-fondation250.png","width":250,"height":65,"caption":"Fondation Claude Pompidou"},"image":{"@id":"https:\/\/fondationclaudepompidou.org\/site\/#\/schema\/logo\/image\/"},"sameAs":["https:\/\/www.facebook.com\/FondationClaudePompidou","https:\/\/x.com\/fclaudepompidou","https:\/\/www.instagram.com\/fondationclaudepompidou\/?hl=fr","https:\/\/www.linkedin.com\/company\/fondation-claude-pompidou\/"]}]}},"_links":{"self":[{"href":"https:\/\/fondationclaudepompidou.org\/site\/wp-json\/wp\/v2\/pages\/2647","targetHints":{"allow":["GET"]}}],"collection":[{"href":"https:\/\/fondationclaudepompidou.org\/site\/wp-json\/wp\/v2\/pages"}],"about":[{"href":"https:\/\/fondationclaudepompidou.org\/site\/wp-json\/wp\/v2\/types\/page"}],"author":[{"embeddable":true,"href":"https:\/\/fondationclaudepompidou.org\/site\/wp-json\/wp\/v2\/users\/1"}],"replies":[{"embeddable":true,"href":"https:\/\/fondationclaudepompidou.org\/site\/wp-json\/wp\/v2\/comments?post=2647"}],"version-history":[{"count":30,"href":"https:\/\/fondationclaudepompidou.org\/site\/wp-json\/wp\/v2\/pages\/2647\/revisions"}],"predecessor-version":[{"id":5671,"href":"https:\/\/fondationclaudepompidou.org\/site\/wp-json\/wp\/v2\/pages\/2647\/revisions\/5671"}],"wp:attachment":[{"href":"https:\/\/fondationclaudepompidou.org\/site\/wp-json\/wp\/v2\/media?parent=2647"}],"curies":[{"name":"wp","href":"https:\/\/api.w.org\/{rel}","templated":true}]}}