{"id":2533,"date":"2022-03-23T19:16:39","date_gmt":"2022-03-23T18:16:39","guid":{"rendered":"https:\/\/fondationclaudepompidou.org\/site\/?page_id=2533"},"modified":"2022-12-29T16:14:44","modified_gmt":"2022-12-29T15:14:44","slug":"sensibilisations-pedagogiques","status":"publish","type":"page","link":"https:\/\/fondationclaudepompidou.org\/site\/sensibilisations-pedagogiques\/","title":{"rendered":"Sensibilisations p\u00e9dagogiques"},"content":{"rendered":"<p>[et_pb_section fb_built=\u00a0\u00bb1&Prime; fullwidth=\u00a0\u00bbon\u00a0\u00bb admin_label=\u00a0\u00bbheader\u00a0\u00bb _builder_version=\u00a0\u00bb4.14.8&Prime; _module_preset=\u00a0\u00bbdefault\u00a0\u00bb animation_style=\u00a0\u00bbfade\u00a0\u00bb collapsed=\u00a0\u00bboff\u00a0\u00bb global_colors_info=\u00a0\u00bb{}\u00a0\u00bb][et_pb_fullwidth_image src=\u00a0\u00bbhttps:\/\/fondationclaudepompidou.org\/site\/wp-content\/uploads\/2022\/07\/header-sensibilisation02.jpg\u00a0\u00bb _builder_version=\u00a0\u00bb4.14.8&Prime; _module_preset=\u00a0\u00bbdefault\u00a0\u00bb global_colors_info=\u00a0\u00bb{}\u00a0\u00bb][\/et_pb_fullwidth_image][\/et_pb_section][et_pb_section fb_built=\u00a0\u00bb1&Prime; admin_label=\u00a0\u00bbContenu\u00a0\u00bb _builder_version=\u00a0\u00bb4.14.8&Prime; _module_preset=\u00a0\u00bbdefault\u00a0\u00bb background_color=\u00a0\u00bb#f1f1f1&Prime; custom_margin=\u00a0\u00bb||||false|false\u00a0\u00bb custom_padding=\u00a0\u00bb||||false|false\u00a0\u00bb animation_style=\u00a0\u00bbfade\u00a0\u00bb animation_direction=\u00a0\u00bbbottom\u00a0\u00bb collapsed=\u00a0\u00bboff\u00a0\u00bb global_colors_info=\u00a0\u00bb{}\u00a0\u00bb][et_pb_row admin_label=\u00a0\u00bbtitre\u00a0\u00bb _builder_version=\u00a0\u00bb4.14.8&Prime; _module_preset=\u00a0\u00bbdefault\u00a0\u00bb max_width=\u00a0\u00bb900px\u00a0\u00bb custom_margin=\u00a0\u00bb||||false|false\u00a0\u00bb custom_padding=\u00a0\u00bb||||false|false\u00a0\u00bb collapsed=\u00a0\u00bbon\u00a0\u00bb global_colors_info=\u00a0\u00bb{}\u00a0\u00bb][et_pb_column type=\u00a0\u00bb4_4&Prime; _builder_version=\u00a0\u00bb4.14.8&Prime; _module_preset=\u00a0\u00bbdefault\u00a0\u00bb global_colors_info=\u00a0\u00bb{}\u00a0\u00bb][et_pb_text admin_label=\u00a0\u00bbtitre\u00a0\u00bb _builder_version=\u00a0\u00bb4.14.8&Prime; _module_preset=\u00a0\u00bbdefault\u00a0\u00bb header_2_font=\u00a0\u00bbQuicksand|700|||||||\u00a0\u00bb header_2_text_align=\u00a0\u00bbcenter\u00a0\u00bb header_2_text_color=\u00a0\u00bb#4d4d4d\u00a0\u00bb header_2_font_size=\u00a0\u00bb30px\u00a0\u00bb text_orientation=\u00a0\u00bbcenter\u00a0\u00bb global_colors_info=\u00a0\u00bb{}\u00a0\u00bb]<\/p>\n<h2 style=\"text-align: center;\"><span style=\"color: #005da9;\"><strong>Sensibilisations p\u00e9dagogiques<\/strong><\/span><\/h2>\n<p><img loading=\"lazy\" decoding=\"async\" class=\"wp-image-1853 aligncenter\" src=\"https:\/\/fondationclaudepompidou.org\/site\/wp-content\/uploads\/2022\/03\/pict-signature-300x14.png\" alt=\"\" width=\"250\" height=\"11\" srcset=\"https:\/\/fondationclaudepompidou.org\/site\/wp-content\/uploads\/2022\/03\/pict-signature-300x14.png 300w, https:\/\/fondationclaudepompidou.org\/site\/wp-content\/uploads\/2022\/03\/pict-signature.png 306w\" sizes=\"auto, (max-width: 250px) 100vw, 250px\" \/>[\/et_pb_text][\/et_pb_column][\/et_pb_row][et_pb_row admin_label=\u00a0\u00bbbloc 1&Prime; _builder_version=\u00a0\u00bb4.14.8&Prime; _module_preset=\u00a0\u00bbdefault\u00a0\u00bb max_width=\u00a0\u00bb900px\u00a0\u00bb custom_margin=\u00a0\u00bb||0px||false|false\u00a0\u00bb custom_padding=\u00a0\u00bb||10px||false|false\u00a0\u00bb collapsed=\u00a0\u00bboff\u00a0\u00bb global_colors_info=\u00a0\u00bb{}\u00a0\u00bb][et_pb_column type=\u00a0\u00bb4_4&Prime; _builder_version=\u00a0\u00bb4.14.8&Prime; _module_preset=\u00a0\u00bbdefault\u00a0\u00bb global_colors_info=\u00a0\u00bb{}\u00a0\u00bb][et_pb_text content_tablet=\u00a0\u00bb<\/p>\n<p style=%22text-align: center;%22>58 rue Jean de Beaumanoir<br \/>56580 BREHAN<br \/>T\u00e9l : 02.97.38.80.06<\/p>\n<p>\u00a0\u00bb content_phone=\u00a0\u00bb<\/p>\n<p style=%22text-align: center;%22>58 rue Jean de Beaumanoir<br \/>56580 BREHAN<br \/>T\u00e9l : 02.97.38.80.06<\/p>\n<p>\u00a0\u00bb content_last_edited=\u00a0\u00bboff|desktop\u00a0\u00bb admin_label=\u00a0\u00bbtexte\u00a0\u00bb _builder_version=\u00a0\u00bb4.14.8&Prime; _module_preset=\u00a0\u00bbdefault\u00a0\u00bb text_font=\u00a0\u00bb||||||||\u00a0\u00bb text_font_size=\u00a0\u00bb15px\u00a0\u00bb custom_margin=\u00a0\u00bb||||false|false\u00a0\u00bb custom_padding=\u00a0\u00bb||||false|false\u00a0\u00bb global_colors_info=\u00a0\u00bb{}\u00a0\u00bb]<\/p>\n<p>A la suite d&rsquo;un travail de r\u00e9flexion interne sur l\u2019\u00e9mergence de nouveaux besoins et la dynamisation des actions du service b\u00e9n\u00e9volat en 2020, la Fondation a d\u00e9cid\u00e9 de d\u00e9velopper un projet de sensibilisation aux difficult\u00e9s li\u00e9es au handicap et au grand \u00e2ge, \u00e0 destination des b\u00e9n\u00e9voles, des jeunes et du grand public.<\/p>\n<p>Le financement d\u2019un fauteuil et d\u2019un kit de vieillissement gr\u00e2ce \u00e0 une subvention de la Fondation Notre Dame, a permis \u00e0 la Fondation de cr\u00e9er et tester deux modules de sensibilisation en 2021-2022 :<\/p>\n<p>[\/et_pb_text][\/et_pb_column][\/et_pb_row][et_pb_row column_structure=\u00a0\u00bb3_5,2_5&Prime; admin_label=\u00a0\u00bbbloc 2&Prime; _builder_version=\u00a0\u00bb4.14.8&Prime; _module_preset=\u00a0\u00bbdefault\u00a0\u00bb max_width=\u00a0\u00bb900px\u00a0\u00bb custom_margin=\u00a0\u00bb0px||||false|false\u00a0\u00bb custom_padding=\u00a0\u00bb0px||||false|false\u00a0\u00bb collapsed=\u00a0\u00bboff\u00a0\u00bb global_colors_info=\u00a0\u00bb{}\u00a0\u00bb][et_pb_column type=\u00a0\u00bb3_5&Prime; _builder_version=\u00a0\u00bb4.14.8&Prime; _module_preset=\u00a0\u00bbdefault\u00a0\u00bb global_colors_info=\u00a0\u00bb{}\u00a0\u00bb][et_pb_text content_tablet=\u00a0\u00bb<\/p>\n<p style=%22text-align: center;%22>58 rue Jean de Beaumanoir<br \/>56580 BREHAN<br \/>T\u00e9l : 02.97.38.80.06<\/p>\n<p>\u00a0\u00bb content_phone=\u00a0\u00bb<\/p>\n<p style=%22text-align: center;%22>58 rue Jean de Beaumanoir<br \/>56580 BREHAN<br \/>T\u00e9l : 02.97.38.80.06<\/p>\n<p>\u00a0\u00bb content_last_edited=\u00a0\u00bboff|desktop\u00a0\u00bb admin_label=\u00a0\u00bbtexte\u00a0\u00bb _builder_version=\u00a0\u00bb4.14.8&Prime; _module_preset=\u00a0\u00bbdefault\u00a0\u00bb text_font=\u00a0\u00bb||||||||\u00a0\u00bb text_font_size=\u00a0\u00bb15px\u00a0\u00bb custom_margin=\u00a0\u00bb||||false|false\u00a0\u00bb custom_padding=\u00a0\u00bb||||false|false\u00a0\u00bb global_colors_info=\u00a0\u00bb{}\u00a0\u00bb]<\/p>\n<p>\u2022 Une sensibilisation aux difficult\u00e9s li\u00e9es au grand \u00e2ge,<br \/>\u2022 Une sensibilisation aux difficult\u00e9s li\u00e9es au handicap.<\/p>\n<p>En nous appuyant sur une p\u00e9dagogie ludique et participative, visant la d\u00e9construction des pr\u00e9jug\u00e9s et des id\u00e9es fausses, ainsi que le d\u00e9veloppement du d\u00e9sir d\u2019engagement et de la conscience citoyenne, nous sommes d\u00e9sormais \u00e0 m\u00eame d\u2019intervenir pour des s\u00e9ances d\u20191h \u00e0 2h, aupr\u00e8s de publics vari\u00e9s :<\/p>\n<p>\u2022 Scolaires (coll\u00e9giens et lyc\u00e9ens)<br \/>\u2022 \u00c9tudiants<br \/>\u2022 B\u00e9n\u00e9voles<br \/>\u2022 Grand public lors de forum, \u00e9v\u00e9nements\u2026<\/p>\n<p>Contact : <strong><span style=\"color: #4c4c4c;\"><a style=\"color: #4c4c4c;\" href=\"mailto:sensibilisation@fondationclaudepompidou.fr\" target=\"_blank\" rel=\"noopener\">sensibilisation@fondationclaudepompidou.fr<\/a><\/span><\/strong><br \/>T\u00e9l\u00e9phone : 01 40 13 75 00<\/p>\n<p>[\/et_pb_text][\/et_pb_column][et_pb_column type=\u00a0\u00bb2_5&Prime; _builder_version=\u00a0\u00bb4.14.8&Prime; _module_preset=\u00a0\u00bbdefault\u00a0\u00bb global_colors_info=\u00a0\u00bb{}\u00a0\u00bb][et_pb_image src=\u00a0\u00bbhttps:\/\/fondationclaudepompidou.org\/site\/wp-content\/uploads\/2022\/07\/ima-sensibilisation02.jpg\u00a0\u00bb _builder_version=\u00a0\u00bb4.14.8&Prime; _module_preset=\u00a0\u00bbdefault\u00a0\u00bb custom_margin=\u00a0\u00bb10px||||false|false\u00a0\u00bb global_colors_info=\u00a0\u00bb{}\u00a0\u00bb][\/et_pb_image][\/et_pb_column][\/et_pb_row][et_pb_row admin_label=\u00a0\u00bbbouton Devenir B\u00e9n\u00e9vole\u00a0\u00bb _builder_version=\u00a0\u00bb4.14.8&Prime; _module_preset=\u00a0\u00bbdefault\u00a0\u00bb max_width=\u00a0\u00bb200px\u00a0\u00bb collapsed=\u00a0\u00bboff\u00a0\u00bb global_colors_info=\u00a0\u00bb{}\u00a0\u00bb][et_pb_column type=\u00a0\u00bb4_4&Prime; _builder_version=\u00a0\u00bb4.14.8&Prime; _module_preset=\u00a0\u00bbdefault\u00a0\u00bb global_colors_info=\u00a0\u00bb{}\u00a0\u00bb][et_pb_image src=\u00a0\u00bbhttps:\/\/fondationclaudepompidou.org\/site\/wp-content\/uploads\/2022\/03\/b-benevole.jpg\u00a0\u00bb url=\u00a0\u00bb@ET-DC@eyJkeW5hbWljIjp0cnVlLCJjb250ZW50IjoicG9zdF9saW5rX3VybF9wYWdlIiwic2V0dGluZ3MiOnsicG9zdF9pZCI6IjI4NzQifX0=@\u00a0\u00bb align=\u00a0\u00bbcenter\u00a0\u00bb _builder_version=\u00a0\u00bb4.14.8&Prime; _dynamic_attributes=\u00a0\u00bburl\u00a0\u00bb _module_preset=\u00a0\u00bbdefault\u00a0\u00bb border_color_all=\u00a0\u00bb#ffffff\u00a0\u00bb box_shadow_style=\u00a0\u00bbpreset2&Prime; global_colors_info=\u00a0\u00bb{}\u00a0\u00bb filter_brightness__hover_enabled=\u00a0\u00bboff|desktop\u00a0\u00bb filter_brightness__hover=\u00a0\u00bb140%\u00a0\u00bb src__hover_enabled=\u00a0\u00bboff|desktop\u00a0\u00bb src__hover=\u00a0\u00bbhttps:\/\/fondationclaudepompidou.org\/site\/wp-content\/uploads\/2022\/03\/b-faireundon.jpg\u00a0\u00bb filter_opacity__hover_enabled=\u00a0\u00bboff|desktop\u00a0\u00bb filter_opacity__hover=\u00a0\u00bb90%\u00a0\u00bb border_width_all__hover_enabled=\u00a0\u00bbon|hover\u00a0\u00bb border_width_all__hover=\u00a0\u00bb1px\u00a0\u00bb box_shadow_horizontal__hover_enabled=\u00a0\u00bboff|hover\u00a0\u00bb box_shadow_vertical__hover_enabled=\u00a0\u00bboff|hover\u00a0\u00bb box_shadow_blur__hover_enabled=\u00a0\u00bboff|hover\u00a0\u00bb box_shadow_color__hover_enabled=\u00a0\u00bbon|hover\u00a0\u00bb box_shadow_color__hover=\u00a0\u00bbrgba(255,255,255,0.3)\u00a0\u00bb border_color_all__hover_enabled=\u00a0\u00bboff|desktop\u00a0\u00bb][\/et_pb_image][\/et_pb_column][\/et_pb_row][\/et_pb_section]<\/p>\n","protected":false},"excerpt":{"rendered":"<p>Sensibilisations p\u00e9dagogiques A la suite d&rsquo;un travail de r\u00e9flexion interne sur l\u2019\u00e9mergence de nouveaux besoins et la dynamisation des actions du service b\u00e9n\u00e9volat en 2020, la Fondation a d\u00e9cid\u00e9 de d\u00e9velopper un projet de sensibilisation aux difficult\u00e9s li\u00e9es au handicap et au grand \u00e2ge, \u00e0 destination des b\u00e9n\u00e9voles, des jeunes et du grand public. Le [&hellip;]<\/p>\n","protected":false},"author":1,"featured_media":0,"parent":0,"menu_order":0,"comment_status":"closed","ping_status":"closed","template":"","meta":{"_et_pb_use_builder":"on","_et_pb_old_content":"","_et_gb_content_width":"","footnotes":""},"class_list":["post-2533","page","type-page","status-publish","hentry"],"yoast_head":"<!-- This site is optimized with the Yoast SEO plugin v27.4 - https:\/\/yoast.com\/product\/yoast-seo-wordpress\/ -->\n<title>Sensibilisations p\u00e9dagogiques - Fondation Claude Pompidou<\/title>\n<meta name=\"description\" content=\"La Fondation propose deux projets de sensibilisation p\u00e9dagogique l&#039;un aux difficult\u00e9s li\u00e9es au grand \u00e2ge et le second au handicap.\" \/>\n<meta name=\"robots\" content=\"index, follow, max-snippet:-1, max-image-preview:large, max-video-preview:-1\" \/>\n<link rel=\"canonical\" href=\"https:\/\/fondationclaudepompidou.org\/site\/sensibilisations-pedagogiques\/\" \/>\n<meta property=\"og:locale\" content=\"fr_FR\" \/>\n<meta property=\"og:type\" content=\"article\" \/>\n<meta property=\"og:title\" content=\"Sensibilisations p\u00e9dagogiques - Fondation Claude Pompidou\" \/>\n<meta property=\"og:description\" content=\"La Fondation propose deux projets de sensibilisation p\u00e9dagogique l&#039;un aux difficult\u00e9s li\u00e9es au grand \u00e2ge et le second au handicap.\" \/>\n<meta property=\"og:url\" content=\"https:\/\/fondationclaudepompidou.org\/site\/sensibilisations-pedagogiques\/\" \/>\n<meta property=\"og:site_name\" content=\"Fondation Claude Pompidou\" \/>\n<meta property=\"article:publisher\" content=\"https:\/\/www.facebook.com\/FondationClaudePompidou\" \/>\n<meta property=\"article:modified_time\" content=\"2022-12-29T15:14:44+00:00\" \/>\n<meta property=\"og:image\" content=\"https:\/\/fondationclaudepompidou.org\/site\/wp-content\/uploads\/2022\/03\/pict-signature-300x14.png\" \/>\n<meta name=\"twitter:card\" content=\"summary_large_image\" \/>\n<meta name=\"twitter:site\" content=\"@fclaudepompidou\" \/>\n<meta name=\"twitter:label1\" content=\"Dur\u00e9e de lecture estim\u00e9e\" \/>\n\t<meta name=\"twitter:data1\" content=\"3 minutes\" \/>\n<script type=\"application\/ld+json\" class=\"yoast-schema-graph\">{\"@context\":\"https:\\\/\\\/schema.org\",\"@graph\":[{\"@type\":\"WebPage\",\"@id\":\"https:\\\/\\\/fondationclaudepompidou.org\\\/site\\\/sensibilisations-pedagogiques\\\/\",\"url\":\"https:\\\/\\\/fondationclaudepompidou.org\\\/site\\\/sensibilisations-pedagogiques\\\/\",\"name\":\"Sensibilisations p\u00e9dagogiques - Fondation Claude Pompidou\",\"isPartOf\":{\"@id\":\"https:\\\/\\\/fondationclaudepompidou.org\\\/site\\\/#website\"},\"primaryImageOfPage\":{\"@id\":\"https:\\\/\\\/fondationclaudepompidou.org\\\/site\\\/sensibilisations-pedagogiques\\\/#primaryimage\"},\"image\":{\"@id\":\"https:\\\/\\\/fondationclaudepompidou.org\\\/site\\\/sensibilisations-pedagogiques\\\/#primaryimage\"},\"thumbnailUrl\":\"https:\\\/\\\/fondationclaudepompidou.org\\\/site\\\/wp-content\\\/uploads\\\/2022\\\/03\\\/pict-signature-300x14.png\",\"datePublished\":\"2022-03-23T18:16:39+00:00\",\"dateModified\":\"2022-12-29T15:14:44+00:00\",\"description\":\"La Fondation propose deux projets de sensibilisation p\u00e9dagogique l'un aux difficult\u00e9s li\u00e9es au grand \u00e2ge et le second au handicap.\",\"breadcrumb\":{\"@id\":\"https:\\\/\\\/fondationclaudepompidou.org\\\/site\\\/sensibilisations-pedagogiques\\\/#breadcrumb\"},\"inLanguage\":\"fr-FR\",\"potentialAction\":[{\"@type\":\"ReadAction\",\"target\":[\"https:\\\/\\\/fondationclaudepompidou.org\\\/site\\\/sensibilisations-pedagogiques\\\/\"]}]},{\"@type\":\"ImageObject\",\"inLanguage\":\"fr-FR\",\"@id\":\"https:\\\/\\\/fondationclaudepompidou.org\\\/site\\\/sensibilisations-pedagogiques\\\/#primaryimage\",\"url\":\"https:\\\/\\\/fondationclaudepompidou.org\\\/site\\\/wp-content\\\/uploads\\\/2022\\\/03\\\/pict-signature.png\",\"contentUrl\":\"https:\\\/\\\/fondationclaudepompidou.org\\\/site\\\/wp-content\\\/uploads\\\/2022\\\/03\\\/pict-signature.png\",\"width\":306,\"height\":14},{\"@type\":\"BreadcrumbList\",\"@id\":\"https:\\\/\\\/fondationclaudepompidou.org\\\/site\\\/sensibilisations-pedagogiques\\\/#breadcrumb\",\"itemListElement\":[{\"@type\":\"ListItem\",\"position\":1,\"name\":\"Accueil\",\"item\":\"https:\\\/\\\/fondationclaudepompidou.org\\\/site\\\/\"},{\"@type\":\"ListItem\",\"position\":2,\"name\":\"Sensibilisations p\u00e9dagogiques\"}]},{\"@type\":\"WebSite\",\"@id\":\"https:\\\/\\\/fondationclaudepompidou.org\\\/site\\\/#website\",\"url\":\"https:\\\/\\\/fondationclaudepompidou.org\\\/site\\\/\",\"name\":\"Fondation Claude Pompidou\",\"description\":\"\",\"publisher\":{\"@id\":\"https:\\\/\\\/fondationclaudepompidou.org\\\/site\\\/#organization\"},\"potentialAction\":[{\"@type\":\"SearchAction\",\"target\":{\"@type\":\"EntryPoint\",\"urlTemplate\":\"https:\\\/\\\/fondationclaudepompidou.org\\\/site\\\/?s={search_term_string}\"},\"query-input\":{\"@type\":\"PropertyValueSpecification\",\"valueRequired\":true,\"valueName\":\"search_term_string\"}}],\"inLanguage\":\"fr-FR\"},{\"@type\":\"Organization\",\"@id\":\"https:\\\/\\\/fondationclaudepompidou.org\\\/site\\\/#organization\",\"name\":\"Fondation Claude Pompidou\",\"url\":\"https:\\\/\\\/fondationclaudepompidou.org\\\/site\\\/\",\"logo\":{\"@type\":\"ImageObject\",\"inLanguage\":\"fr-FR\",\"@id\":\"https:\\\/\\\/fondationclaudepompidou.org\\\/site\\\/#\\\/schema\\\/logo\\\/image\\\/\",\"url\":\"https:\\\/\\\/fondationclaudepompidou.org\\\/site\\\/wp-content\\\/uploads\\\/2022\\\/06\\\/logo-fondation250.png\",\"contentUrl\":\"https:\\\/\\\/fondationclaudepompidou.org\\\/site\\\/wp-content\\\/uploads\\\/2022\\\/06\\\/logo-fondation250.png\",\"width\":250,\"height\":65,\"caption\":\"Fondation Claude Pompidou\"},\"image\":{\"@id\":\"https:\\\/\\\/fondationclaudepompidou.org\\\/site\\\/#\\\/schema\\\/logo\\\/image\\\/\"},\"sameAs\":[\"https:\\\/\\\/www.facebook.com\\\/FondationClaudePompidou\",\"https:\\\/\\\/x.com\\\/fclaudepompidou\",\"https:\\\/\\\/www.instagram.com\\\/fondationclaudepompidou\\\/?hl=fr\",\"https:\\\/\\\/www.linkedin.com\\\/company\\\/fondation-claude-pompidou\\\/\"]}]}<\/script>\n<!-- \/ Yoast SEO plugin. -->","yoast_head_json":{"title":"Sensibilisations p\u00e9dagogiques - Fondation Claude Pompidou","description":"La Fondation propose deux projets de sensibilisation p\u00e9dagogique l'un aux difficult\u00e9s li\u00e9es au grand \u00e2ge et le second au handicap.","robots":{"index":"index","follow":"follow","max-snippet":"max-snippet:-1","max-image-preview":"max-image-preview:large","max-video-preview":"max-video-preview:-1"},"canonical":"https:\/\/fondationclaudepompidou.org\/site\/sensibilisations-pedagogiques\/","og_locale":"fr_FR","og_type":"article","og_title":"Sensibilisations p\u00e9dagogiques - Fondation Claude Pompidou","og_description":"La Fondation propose deux projets de sensibilisation p\u00e9dagogique l'un aux difficult\u00e9s li\u00e9es au grand \u00e2ge et le second au handicap.","og_url":"https:\/\/fondationclaudepompidou.org\/site\/sensibilisations-pedagogiques\/","og_site_name":"Fondation Claude Pompidou","article_publisher":"https:\/\/www.facebook.com\/FondationClaudePompidou","article_modified_time":"2022-12-29T15:14:44+00:00","og_image":[{"url":"https:\/\/fondationclaudepompidou.org\/site\/wp-content\/uploads\/2022\/03\/pict-signature-300x14.png","type":"","width":"","height":""}],"twitter_card":"summary_large_image","twitter_site":"@fclaudepompidou","twitter_misc":{"Dur\u00e9e de lecture estim\u00e9e":"3 minutes"},"schema":{"@context":"https:\/\/schema.org","@graph":[{"@type":"WebPage","@id":"https:\/\/fondationclaudepompidou.org\/site\/sensibilisations-pedagogiques\/","url":"https:\/\/fondationclaudepompidou.org\/site\/sensibilisations-pedagogiques\/","name":"Sensibilisations p\u00e9dagogiques - Fondation Claude Pompidou","isPartOf":{"@id":"https:\/\/fondationclaudepompidou.org\/site\/#website"},"primaryImageOfPage":{"@id":"https:\/\/fondationclaudepompidou.org\/site\/sensibilisations-pedagogiques\/#primaryimage"},"image":{"@id":"https:\/\/fondationclaudepompidou.org\/site\/sensibilisations-pedagogiques\/#primaryimage"},"thumbnailUrl":"https:\/\/fondationclaudepompidou.org\/site\/wp-content\/uploads\/2022\/03\/pict-signature-300x14.png","datePublished":"2022-03-23T18:16:39+00:00","dateModified":"2022-12-29T15:14:44+00:00","description":"La Fondation propose deux projets de sensibilisation p\u00e9dagogique l'un aux difficult\u00e9s li\u00e9es au grand \u00e2ge et le second au handicap.","breadcrumb":{"@id":"https:\/\/fondationclaudepompidou.org\/site\/sensibilisations-pedagogiques\/#breadcrumb"},"inLanguage":"fr-FR","potentialAction":[{"@type":"ReadAction","target":["https:\/\/fondationclaudepompidou.org\/site\/sensibilisations-pedagogiques\/"]}]},{"@type":"ImageObject","inLanguage":"fr-FR","@id":"https:\/\/fondationclaudepompidou.org\/site\/sensibilisations-pedagogiques\/#primaryimage","url":"https:\/\/fondationclaudepompidou.org\/site\/wp-content\/uploads\/2022\/03\/pict-signature.png","contentUrl":"https:\/\/fondationclaudepompidou.org\/site\/wp-content\/uploads\/2022\/03\/pict-signature.png","width":306,"height":14},{"@type":"BreadcrumbList","@id":"https:\/\/fondationclaudepompidou.org\/site\/sensibilisations-pedagogiques\/#breadcrumb","itemListElement":[{"@type":"ListItem","position":1,"name":"Accueil","item":"https:\/\/fondationclaudepompidou.org\/site\/"},{"@type":"ListItem","position":2,"name":"Sensibilisations p\u00e9dagogiques"}]},{"@type":"WebSite","@id":"https:\/\/fondationclaudepompidou.org\/site\/#website","url":"https:\/\/fondationclaudepompidou.org\/site\/","name":"Fondation Claude Pompidou","description":"","publisher":{"@id":"https:\/\/fondationclaudepompidou.org\/site\/#organization"},"potentialAction":[{"@type":"SearchAction","target":{"@type":"EntryPoint","urlTemplate":"https:\/\/fondationclaudepompidou.org\/site\/?s={search_term_string}"},"query-input":{"@type":"PropertyValueSpecification","valueRequired":true,"valueName":"search_term_string"}}],"inLanguage":"fr-FR"},{"@type":"Organization","@id":"https:\/\/fondationclaudepompidou.org\/site\/#organization","name":"Fondation Claude Pompidou","url":"https:\/\/fondationclaudepompidou.org\/site\/","logo":{"@type":"ImageObject","inLanguage":"fr-FR","@id":"https:\/\/fondationclaudepompidou.org\/site\/#\/schema\/logo\/image\/","url":"https:\/\/fondationclaudepompidou.org\/site\/wp-content\/uploads\/2022\/06\/logo-fondation250.png","contentUrl":"https:\/\/fondationclaudepompidou.org\/site\/wp-content\/uploads\/2022\/06\/logo-fondation250.png","width":250,"height":65,"caption":"Fondation Claude Pompidou"},"image":{"@id":"https:\/\/fondationclaudepompidou.org\/site\/#\/schema\/logo\/image\/"},"sameAs":["https:\/\/www.facebook.com\/FondationClaudePompidou","https:\/\/x.com\/fclaudepompidou","https:\/\/www.instagram.com\/fondationclaudepompidou\/?hl=fr","https:\/\/www.linkedin.com\/company\/fondation-claude-pompidou\/"]}]}},"_links":{"self":[{"href":"https:\/\/fondationclaudepompidou.org\/site\/wp-json\/wp\/v2\/pages\/2533","targetHints":{"allow":["GET"]}}],"collection":[{"href":"https:\/\/fondationclaudepompidou.org\/site\/wp-json\/wp\/v2\/pages"}],"about":[{"href":"https:\/\/fondationclaudepompidou.org\/site\/wp-json\/wp\/v2\/types\/page"}],"author":[{"embeddable":true,"href":"https:\/\/fondationclaudepompidou.org\/site\/wp-json\/wp\/v2\/users\/1"}],"replies":[{"embeddable":true,"href":"https:\/\/fondationclaudepompidou.org\/site\/wp-json\/wp\/v2\/comments?post=2533"}],"version-history":[{"count":24,"href":"https:\/\/fondationclaudepompidou.org\/site\/wp-json\/wp\/v2\/pages\/2533\/revisions"}],"predecessor-version":[{"id":4202,"href":"https:\/\/fondationclaudepompidou.org\/site\/wp-json\/wp\/v2\/pages\/2533\/revisions\/4202"}],"wp:attachment":[{"href":"https:\/\/fondationclaudepompidou.org\/site\/wp-json\/wp\/v2\/media?parent=2533"}],"curies":[{"name":"wp","href":"https:\/\/api.w.org\/{rel}","templated":true}]}}